{"id":118,"date":"2022-09-20T10:27:12","date_gmt":"2022-09-20T10:27:12","guid":{"rendered":"http:\/\/www.gestorianauticamurcia.com\/?page_id=118"},"modified":"2023-10-20T10:33:51","modified_gmt":"2023-10-20T10:33:51","slug":"sobre-nosotros","status":"publish","type":"page","link":"https:\/\/www.gestorianauticamurcia.com\/index.php\/sobre-nosotros\/","title":{"rendered":"SOBRE NOSOTROS"},"content":{"rendered":"\t\t<div data-elementor-type=\"wp-page\" data-elementor-id=\"118\" class=\"elementor elementor-118\">\n\t\t\t\t\t\t\t\t\t<section class=\"elementor-section elementor-top-section elementor-element elementor-element-3q3phmi elementor-section-content-middle elementor-section-boxed elementor-section-height-default elementor-section-height-default\" data-id=\"3q3phmi\" data-element_type=\"section\" data-settings=\"{&quot;background_background&quot;:&quot;classic&quot;}\">\n\t\t\t\t\t\t\t<div class=\"elementor-background-overlay\"><\/div>\n\t\t\t\t\t\t\t<div class=\"elementor-container elementor-column-gap-no\">\n\t\t\t\t\t<div class=\"elementor-column elementor-col-50 elementor-top-column elementor-element elementor-element-e27c099\" data-id=\"e27c099\" data-element_type=\"column\" data-settings=\"{&quot;background_background&quot;:&quot;classic&quot;}\">\n\t\t\t<div class=\"elementor-widget-wrap elementor-element-populated\">\n\t\t\t\t\t<div class=\"elementor-background-overlay\"><\/div>\n\t\t\t\t\t\t\t\t<div class=\"elementor-element elementor-element-91786df elementor-widget elementor-widget-image\" data-id=\"91786df\" data-element_type=\"widget\" data-widget_type=\"image.default\">\n\t\t\t\t<div class=\"elementor-widget-container\">\n\t\t\t<style>\/*! elementor - v3.6.7 - 03-07-2022 *\/\n.elementor-widget-image{text-align:center}.elementor-widget-image a{display:inline-block}.elementor-widget-image a img[src$=\".svg\"]{width:48px}.elementor-widget-image img{vertical-align:middle;display:inline-block}<\/style>\t\t\t\t\t\t\t\t\t\t\t\t<img loading=\"lazy\" decoding=\"async\" width=\"501\" height=\"750\" src=\"https:\/\/www.gestorianauticamurcia.com\/wp-content\/uploads\/2022\/10\/pexels-photo-3184431.webp\" class=\"attachment-full size-full\" alt=\"\" srcset=\"https:\/\/www.gestorianauticamurcia.com\/wp-content\/uploads\/2022\/10\/pexels-photo-3184431.webp 501w, https:\/\/www.gestorianauticamurcia.com\/wp-content\/uploads\/2022\/10\/pexels-photo-3184431-200x300.webp 200w\" sizes=\"auto, (max-width: 501px) 100vw, 501px\" \/>\t\t\t\t\t\t\t\t\t\t\t\t\t\t\t<\/div>\n\t\t\t\t<\/div>\n\t\t\t\t\t<\/div>\n\t\t<\/div>\n\t\t\t\t<div class=\"elementor-column elementor-col-50 elementor-top-column elementor-element elementor-element-4267346\" data-id=\"4267346\" data-element_type=\"column\" data-settings=\"{&quot;background_background&quot;:&quot;classic&quot;}\">\n\t\t\t<div class=\"elementor-widget-wrap elementor-element-populated\">\n\t\t\t\t\t\t\t\t<div class=\"elementor-element elementor-element-2ab885f elementor-widget elementor-widget-heading\" data-id=\"2ab885f\" data-element_type=\"widget\" data-widget_type=\"heading.default\">\n\t\t\t\t<div class=\"elementor-widget-container\">\n\t\t\t<style>\/*! elementor - v3.6.7 - 03-07-2022 *\/\n.elementor-heading-title{padding:0;margin:0;line-height:1}.elementor-widget-heading .elementor-heading-title[class*=elementor-size-]>a{color:inherit;font-size:inherit;line-height:inherit}.elementor-widget-heading .elementor-heading-title.elementor-size-small{font-size:15px}.elementor-widget-heading .elementor-heading-title.elementor-size-medium{font-size:19px}.elementor-widget-heading .elementor-heading-title.elementor-size-large{font-size:29px}.elementor-widget-heading .elementor-heading-title.elementor-size-xl{font-size:39px}.elementor-widget-heading .elementor-heading-title.elementor-size-xxl{font-size:59px}<\/style><h2 class=\"elementor-heading-title elementor-size-default\">sobre nosotros <\/h2>\t\t<\/div>\n\t\t\t\t<\/div>\n\t\t\t\t<div class=\"elementor-element elementor-element-7973b42 elementor-widget elementor-widget-text-editor\" data-id=\"7973b42\" data-element_type=\"widget\" data-widget_type=\"text-editor.default\">\n\t\t\t\t<div class=\"elementor-widget-container\">\n\t\t\t<style>\/*! elementor - v3.6.7 - 03-07-2022 *\/\n.elementor-widget-text-editor.elementor-drop-cap-view-stacked .elementor-drop-cap{background-color:#818a91;color:#fff}.elementor-widget-text-editor.elementor-drop-cap-view-framed .elementor-drop-cap{color:#818a91;border:3px solid;background-color:transparent}.elementor-widget-text-editor:not(.elementor-drop-cap-view-default) .elementor-drop-cap{margin-top:8px}.elementor-widget-text-editor:not(.elementor-drop-cap-view-default) .elementor-drop-cap-letter{width:1em;height:1em}.elementor-widget-text-editor .elementor-drop-cap{float:left;text-align:center;line-height:1;font-size:50px}.elementor-widget-text-editor .elementor-drop-cap-letter{display:inline-block}<\/style>\t\t\t\t<p>Con nuestro servicio de consultor\u00eda y gestor\u00eda n\u00e1utica<b>\u00a0podr\u00e1 poner al d\u00eda toda la documentaci\u00f3n de su embarcaci\u00f3n, obtener asesoramiento e informaci\u00f3n para todo tipo de tr\u00e1mites n\u00e1uticos,\u00a0<\/b>as\u00ed como renovar su PER\/PNB, Patr\u00f3n de Yate y Capit\u00e1n de Yate. Adem\u00e1s se cerciorar\u00e1 de que toda su documentaci\u00f3n est\u00e1 tanto completa como en regla para poder navegar con seguridad en su embarcaci\u00f3n.<\/p>\t\t\t\t\t\t<\/div>\n\t\t\t\t<\/div>\n\t\t\t\t<div class=\"elementor-element elementor-element-6ae4a07 elementor-mobile-align-left elementor-widget elementor-widget-button\" data-id=\"6ae4a07\" data-element_type=\"widget\" data-widget_type=\"button.default\">\n\t\t\t\t<div class=\"elementor-widget-container\">\n\t\t\t\t\t<div class=\"elementor-button-wrapper\">\n\t\t\t<a href=\"http:\/\/gestorianauticamurcia.com\/index.php\/contactanos\/\" class=\"elementor-button-link elementor-button elementor-size-sm\" role=\"button\">\n\t\t\t\t\t\t<span class=\"elementor-button-content-wrapper\">\n\t\t\t\t\t\t<span class=\"elementor-button-text\">cont\u00e1ctanos<\/span>\n\t\t<\/span>\n\t\t\t\t\t<\/a>\n\t\t<\/div>\n\t\t\t\t<\/div>\n\t\t\t\t<\/div>\n\t\t\t\t<div class=\"elementor-element elementor-element-15a7200 elementor-widget elementor-widget-heading\" data-id=\"15a7200\" data-element_type=\"widget\" data-widget_type=\"heading.default\">\n\t\t\t\t<div class=\"elementor-widget-container\">\n\t\t\t<h6 class=\"elementor-heading-title elementor-size-default\">encu\u00e9ntranos en:<\/h6>\t\t<\/div>\n\t\t\t\t<\/div>\n\t\t\t\t<div class=\"elementor-element elementor-element-2900e8a elementor-widget__width-auto elementor-widget-tablet__width-initial elementor-widget-mobile__width-initial elementor-widget elementor-widget-image\" data-id=\"2900e8a\" data-element_type=\"widget\" data-widget_type=\"image.default\">\n\t\t\t\t<div class=\"elementor-widget-container\">\n\t\t\t\t\t\t\t\t\t\t\t\t\t\t\t<img loading=\"lazy\" decoding=\"async\" width=\"130\" height=\"40\" src=\"https:\/\/www.gestorianauticamurcia.com\/wp-content\/uploads\/2022\/10\/2-1.png\" class=\"attachment-full size-full\" alt=\"\" \/>\t\t\t\t\t\t\t\t\t\t\t\t\t\t\t<\/div>\n\t\t\t\t<\/div>\n\t\t\t\t<div class=\"elementor-element elementor-element-9e549f4 elementor-widget__width-auto elementor-widget-tablet__width-initial elementor-widget-mobile__width-initial elementor-widget elementor-widget-image\" data-id=\"9e549f4\" data-element_type=\"widget\" data-widget_type=\"image.default\">\n\t\t\t\t<div class=\"elementor-widget-container\">\n\t\t\t\t\t\t\t\t\t\t\t\t\t\t\t<img loading=\"lazy\" decoding=\"async\" width=\"130\" height=\"40\" src=\"https:\/\/www.gestorianauticamurcia.com\/wp-content\/uploads\/2022\/10\/3-1.png\" class=\"attachment-full size-full\" alt=\"\" \/>\t\t\t\t\t\t\t\t\t\t\t\t\t\t\t<\/div>\n\t\t\t\t<\/div>\n\t\t\t\t<div class=\"elementor-element elementor-element-884cb87 elementor-widget__width-auto elementor-widget-tablet__width-initial elementor-widget-mobile__width-initial elementor-widget elementor-widget-image\" data-id=\"884cb87\" data-element_type=\"widget\" data-widget_type=\"image.default\">\n\t\t\t\t<div class=\"elementor-widget-container\">\n\t\t\t\t\t\t\t\t\t\t\t\t\t\t\t<img loading=\"lazy\" decoding=\"async\" width=\"130\" height=\"40\" src=\"https:\/\/www.gestorianauticamurcia.com\/wp-content\/uploads\/2022\/10\/1-1.png\" class=\"attachment-full size-full\" alt=\"\" \/>\t\t\t\t\t\t\t\t\t\t\t\t\t\t\t<\/div>\n\t\t\t\t<\/div>\n\t\t\t\t\t<\/div>\n\t\t<\/div>\n\t\t\t\t\t\t\t<\/div>\n\t\t<\/section>\n\t\t\t\t\t\t\t<\/div>\n\t\t","protected":false},"excerpt":{"rendered":"<p>sobre nosotros Con nuestro servicio de consultor\u00eda y gestor\u00eda n\u00e1utica\u00a0podr\u00e1 poner al d\u00eda toda la documentaci\u00f3n de su embarcaci\u00f3n, obtener asesoramiento e informaci\u00f3n para todo tipo de tr\u00e1mites n\u00e1uticos,\u00a0as\u00ed como renovar su PER\/PNB, Patr\u00f3n de Yate y Capit\u00e1n de Yate. Adem\u00e1s se cerciorar\u00e1 de que toda su documentaci\u00f3n est\u00e1 tanto completa como en regla para [&hellip;]<\/p>\n","protected":false},"author":1,"featured_media":0,"parent":0,"menu_order":0,"comment_status":"closed","ping_status":"closed","template":"","meta":{"site-sidebar-layout":"no-sidebar","site-content-layout":"page-builder","ast-site-content-layout":"","site-content-style":"default","site-sidebar-style":"default","ast-global-header-display":"","ast-banner-title-visibility":"","ast-main-header-display":"","ast-hfb-above-header-display":"","ast-hfb-below-header-display":"","ast-hfb-mobile-header-display":"","site-post-title":"disabled","ast-breadcrumbs-content":"","ast-featured-img":"disabled","footer-sml-layout":"","theme-transparent-header-meta":"","adv-header-id-meta":"","stick-header-meta":"","header-above-stick-meta":"","header-main-stick-meta":"","header-below-stick-meta":"","astra-migrate-meta-layouts":"default","ast-page-background-enabled":"default","ast-page-background-meta":{"desktop":{"background-color":"","background-image":"","background-repeat":"repeat","background-position":"center center","background-size":"auto","background-attachment":"scroll","background-type":"","background-media":"","overlay-type":"","overlay-color":"","overlay-opacity":"","overlay-gradient":""},"tablet":{"background-color":"","background-image":"","background-repeat":"repeat","background-position":"center center","background-size":"auto","background-attachment":"scroll","background-type":"","background-media":"","overlay-type":"","overlay-color":"","overlay-opacity":"","overlay-gradient":""},"mobile":{"background-color":"","background-image":"","background-repeat":"repeat","background-position":"center center","background-size":"auto","background-attachment":"scroll","background-type":"","background-media":"","overlay-type":"","overlay-color":"","overlay-opacity":"","overlay-gradient":""}},"ast-content-background-meta":{"desktop":{"background-color":"var(--ast-global-color-5)","background-image":"","background-repeat":"repeat","background-position":"center center","background-size":"auto","background-attachment":"scroll","background-type":"","background-media":"","overlay-type":"","overlay-color":"","overlay-opacity":"","overlay-gradient":""},"tablet":{"background-color":"var(--ast-global-color-5)","background-image":"","background-repeat":"repeat","background-position":"center center","background-size":"auto","background-attachment":"scroll","background-type":"","background-media":"","overlay-type":"","overlay-color":"","overlay-opacity":"","overlay-gradient":""},"mobile":{"background-color":"var(--ast-global-color-5)","background-image":"","background-repeat":"repeat","background-position":"center center","background-size":"auto","background-attachment":"scroll","background-type":"","background-media":"","overlay-type":"","overlay-color":"","overlay-opacity":"","overlay-gradient":""}},"footnotes":""},"class_list":["post-118","page","type-page","status-publish","hentry"],"yoast_head":"<!-- This site is optimized with the Yoast SEO Premium plugin v16.1 (Yoast SEO v19.7.1) - https:\/\/yoast.com\/wordpress\/plugins\/seo\/ -->\n<title>SOBRE NOSOTROS - Gestor\u00eda N\u00e1utica Murcia<\/title>\n<meta name=\"robots\" content=\"index, follow, max-snippet:-1, max-image-preview:large, max-video-preview:-1\" \/>\n<link rel=\"canonical\" href=\"https:\/\/www.gestorianauticamurcia.com\/index.php\/sobre-nosotros\/\" \/>\n<meta property=\"og:locale\" content=\"es_ES\" \/>\n<meta property=\"og:type\" content=\"article\" \/>\n<meta property=\"og:title\" content=\"SOBRE NOSOTROS - Gestor\u00eda N\u00e1utica Murcia\" \/>\n<meta property=\"og:description\" content=\"sobre nosotros Con nuestro servicio de consultor\u00eda y gestor\u00eda n\u00e1utica\u00a0podr\u00e1 poner al d\u00eda toda la documentaci\u00f3n de su embarcaci\u00f3n, obtener asesoramiento e informaci\u00f3n para todo tipo de tr\u00e1mites n\u00e1uticos,\u00a0as\u00ed como renovar su PER\/PNB, Patr\u00f3n de Yate y Capit\u00e1n de Yate. Adem\u00e1s se cerciorar\u00e1 de que toda su documentaci\u00f3n est\u00e1 tanto completa como en regla para [&hellip;]\" \/>\n<meta property=\"og:url\" content=\"https:\/\/www.gestorianauticamurcia.com\/index.php\/sobre-nosotros\/\" \/>\n<meta property=\"og:site_name\" content=\"Gestor\u00eda N\u00e1utica Murcia\" \/>\n<meta property=\"article:publisher\" content=\"https:\/\/www.facebook.com\/profile.php?id=100086218525279\" \/>\n<meta property=\"article:modified_time\" content=\"2023-10-20T10:33:51+00:00\" \/>\n<meta property=\"og:image\" content=\"https:\/\/www.gestorianauticamurcia.com\/wp-content\/uploads\/2022\/10\/pexels-photo-3184431.webp\" \/>\n<meta name=\"twitter:card\" content=\"summary_large_image\" \/>\n<meta name=\"twitter:label1\" content=\"Tiempo de lectura\" \/>\n\t<meta name=\"twitter:data1\" content=\"2 minutos\" \/>\n<script type=\"application\/ld+json\" class=\"yoast-schema-graph\">{\"@context\":\"https:\/\/schema.org\",\"@graph\":[{\"@type\":\"WebPage\",\"@id\":\"https:\/\/www.gestorianauticamurcia.com\/index.php\/sobre-nosotros\/\",\"url\":\"https:\/\/www.gestorianauticamurcia.com\/index.php\/sobre-nosotros\/\",\"name\":\"SOBRE NOSOTROS - Gestor\u00eda N\u00e1utica Murcia\",\"isPartOf\":{\"@id\":\"https:\/\/www.gestorianauticamurcia.com\/#website\"},\"datePublished\":\"2022-09-20T10:27:12+00:00\",\"dateModified\":\"2023-10-20T10:33:51+00:00\",\"breadcrumb\":{\"@id\":\"https:\/\/www.gestorianauticamurcia.com\/index.php\/sobre-nosotros\/#breadcrumb\"},\"inLanguage\":\"es\",\"potentialAction\":[{\"@type\":\"ReadAction\",\"target\":[\"https:\/\/www.gestorianauticamurcia.com\/index.php\/sobre-nosotros\/\"]}]},{\"@type\":\"BreadcrumbList\",\"@id\":\"https:\/\/www.gestorianauticamurcia.com\/index.php\/sobre-nosotros\/#breadcrumb\",\"itemListElement\":[{\"@type\":\"ListItem\",\"position\":1,\"name\":\"Portada\",\"item\":\"https:\/\/www.gestorianauticamurcia.com\/\"},{\"@type\":\"ListItem\",\"position\":2,\"name\":\"SOBRE NOSOTROS\"}]},{\"@type\":\"WebSite\",\"@id\":\"https:\/\/www.gestorianauticamurcia.com\/#website\",\"url\":\"https:\/\/www.gestorianauticamurcia.com\/\",\"name\":\"Gestor\u00eda N\u00e1utica Murcia\",\"description\":\"A smile in every slice\",\"publisher\":{\"@id\":\"https:\/\/www.gestorianauticamurcia.com\/#organization\"},\"potentialAction\":[{\"@type\":\"SearchAction\",\"target\":{\"@type\":\"EntryPoint\",\"urlTemplate\":\"https:\/\/www.gestorianauticamurcia.com\/?s={search_term_string}\"},\"query-input\":\"required name=search_term_string\"}],\"inLanguage\":\"es\"},{\"@type\":\"Organization\",\"@id\":\"https:\/\/www.gestorianauticamurcia.com\/#organization\",\"name\":\"Gestor\u00eda N\u00e1utica Murcia\",\"url\":\"https:\/\/www.gestorianauticamurcia.com\/\",\"sameAs\":[\"https:\/\/www.instagram.com\/gestorianauticamurcia\/\",\"https:\/\/www.facebook.com\/profile.php?id=100086218525279\"],\"logo\":{\"@type\":\"ImageObject\",\"inLanguage\":\"es\",\"@id\":\"https:\/\/www.gestorianauticamurcia.com\/#\/schema\/logo\/image\/\",\"url\":\"https:\/\/www.gestorianauticamurcia.com\/wp-content\/uploads\/2021\/03\/Lilac-and-White-Traditional-Real-Estate-Agency-Logotype-Template.svg\",\"contentUrl\":\"https:\/\/www.gestorianauticamurcia.com\/wp-content\/uploads\/2021\/03\/Lilac-and-White-Traditional-Real-Estate-Agency-Logotype-Template.svg\",\"width\":500,\"height\":500,\"caption\":\"Gestor\u00eda N\u00e1utica Murcia\"},\"image\":{\"@id\":\"https:\/\/www.gestorianauticamurcia.com\/#\/schema\/logo\/image\/\"}}]}<\/script>\n<!-- \/ Yoast SEO Premium plugin. -->","yoast_head_json":{"title":"SOBRE NOSOTROS - Gestor\u00eda N\u00e1utica Murcia","robots":{"index":"index","follow":"follow","max-snippet":"max-snippet:-1","max-image-preview":"max-image-preview:large","max-video-preview":"max-video-preview:-1"},"canonical":"https:\/\/www.gestorianauticamurcia.com\/index.php\/sobre-nosotros\/","og_locale":"es_ES","og_type":"article","og_title":"SOBRE NOSOTROS - Gestor\u00eda N\u00e1utica Murcia","og_description":"sobre nosotros Con nuestro servicio de consultor\u00eda y gestor\u00eda n\u00e1utica\u00a0podr\u00e1 poner al d\u00eda toda la documentaci\u00f3n de su embarcaci\u00f3n, obtener asesoramiento e informaci\u00f3n para todo tipo de tr\u00e1mites n\u00e1uticos,\u00a0as\u00ed como renovar su PER\/PNB, Patr\u00f3n de Yate y Capit\u00e1n de Yate. Adem\u00e1s se cerciorar\u00e1 de que toda su documentaci\u00f3n est\u00e1 tanto completa como en regla para [&hellip;]","og_url":"https:\/\/www.gestorianauticamurcia.com\/index.php\/sobre-nosotros\/","og_site_name":"Gestor\u00eda N\u00e1utica Murcia","article_publisher":"https:\/\/www.facebook.com\/profile.php?id=100086218525279","article_modified_time":"2023-10-20T10:33:51+00:00","og_image":[{"url":"https:\/\/www.gestorianauticamurcia.com\/wp-content\/uploads\/2022\/10\/pexels-photo-3184431.webp"}],"twitter_card":"summary_large_image","twitter_misc":{"Tiempo de lectura":"2 minutos"},"schema":{"@context":"https:\/\/schema.org","@graph":[{"@type":"WebPage","@id":"https:\/\/www.gestorianauticamurcia.com\/index.php\/sobre-nosotros\/","url":"https:\/\/www.gestorianauticamurcia.com\/index.php\/sobre-nosotros\/","name":"SOBRE NOSOTROS - Gestor\u00eda N\u00e1utica Murcia","isPartOf":{"@id":"https:\/\/www.gestorianauticamurcia.com\/#website"},"datePublished":"2022-09-20T10:27:12+00:00","dateModified":"2023-10-20T10:33:51+00:00","breadcrumb":{"@id":"https:\/\/www.gestorianauticamurcia.com\/index.php\/sobre-nosotros\/#breadcrumb"},"inLanguage":"es","potentialAction":[{"@type":"ReadAction","target":["https:\/\/www.gestorianauticamurcia.com\/index.php\/sobre-nosotros\/"]}]},{"@type":"BreadcrumbList","@id":"https:\/\/www.gestorianauticamurcia.com\/index.php\/sobre-nosotros\/#breadcrumb","itemListElement":[{"@type":"ListItem","position":1,"name":"Portada","item":"https:\/\/www.gestorianauticamurcia.com\/"},{"@type":"ListItem","position":2,"name":"SOBRE NOSOTROS"}]},{"@type":"WebSite","@id":"https:\/\/www.gestorianauticamurcia.com\/#website","url":"https:\/\/www.gestorianauticamurcia.com\/","name":"Gestor\u00eda N\u00e1utica Murcia","description":"A smile in every slice","publisher":{"@id":"https:\/\/www.gestorianauticamurcia.com\/#organization"},"potentialAction":[{"@type":"SearchAction","target":{"@type":"EntryPoint","urlTemplate":"https:\/\/www.gestorianauticamurcia.com\/?s={search_term_string}"},"query-input":"required name=search_term_string"}],"inLanguage":"es"},{"@type":"Organization","@id":"https:\/\/www.gestorianauticamurcia.com\/#organization","name":"Gestor\u00eda N\u00e1utica Murcia","url":"https:\/\/www.gestorianauticamurcia.com\/","sameAs":["https:\/\/www.instagram.com\/gestorianauticamurcia\/","https:\/\/www.facebook.com\/profile.php?id=100086218525279"],"logo":{"@type":"ImageObject","inLanguage":"es","@id":"https:\/\/www.gestorianauticamurcia.com\/#\/schema\/logo\/image\/","url":"https:\/\/www.gestorianauticamurcia.com\/wp-content\/uploads\/2021\/03\/Lilac-and-White-Traditional-Real-Estate-Agency-Logotype-Template.svg","contentUrl":"https:\/\/www.gestorianauticamurcia.com\/wp-content\/uploads\/2021\/03\/Lilac-and-White-Traditional-Real-Estate-Agency-Logotype-Template.svg","width":500,"height":500,"caption":"Gestor\u00eda N\u00e1utica Murcia"},"image":{"@id":"https:\/\/www.gestorianauticamurcia.com\/#\/schema\/logo\/image\/"}}]}},"_links":{"self":[{"href":"https:\/\/www.gestorianauticamurcia.com\/index.php\/wp-json\/wp\/v2\/pages\/118","targetHints":{"allow":["GET"]}}],"collection":[{"href":"https:\/\/www.gestorianauticamurcia.com\/index.php\/wp-json\/wp\/v2\/pages"}],"about":[{"href":"https:\/\/www.gestorianauticamurcia.com\/index.php\/wp-json\/wp\/v2\/types\/page"}],"author":[{"embeddable":true,"href":"https:\/\/www.gestorianauticamurcia.com\/index.php\/wp-json\/wp\/v2\/users\/1"}],"replies":[{"embeddable":true,"href":"https:\/\/www.gestorianauticamurcia.com\/index.php\/wp-json\/wp\/v2\/comments?post=118"}],"version-history":[{"count":10,"href":"https:\/\/www.gestorianauticamurcia.com\/index.php\/wp-json\/wp\/v2\/pages\/118\/revisions"}],"predecessor-version":[{"id":2230,"href":"https:\/\/www.gestorianauticamurcia.com\/index.php\/wp-json\/wp\/v2\/pages\/118\/revisions\/2230"}],"wp:attachment":[{"href":"https:\/\/www.gestorianauticamurcia.com\/index.php\/wp-json\/wp\/v2\/media?parent=118"}],"curies":[{"name":"wp","href":"https:\/\/api.w.org\/{rel}","templated":true}]}}